{"id":15,"date":"2018-12-17T12:01:44","date_gmt":"2018-12-17T11:01:44","guid":{"rendered":"http:\/\/ultreia-libri.pl\/?page_id=15"},"modified":"2023-11-29T03:59:31","modified_gmt":"2023-11-29T02:59:31","slug":"ultreia-libri-oficyna-wydawnicza","status":"publish","type":"page","link":"https:\/\/ultreia-libri.pl\/?page_id=15","title":{"rendered":"Ultreia Libri Oficyna Wydawnicza"},"content":{"rendered":"<blockquote>\n<p style=\"text-align: center;\"><strong>Irmina Rozbicka Ultreia Libri Oficyna Wydawnicza<\/strong><\/p>\n<\/blockquote>\n<p style=\"text-align: center;\">ul.Zamieniecka 53a lok.1<\/p>\n<p style=\"text-align: center;\">04-158 Warszawa<\/p>\n<p style=\"text-align: center;\">\u00a0tel. +48 728 839 847<\/p>\n<p style=\"text-align: center;\">\u00a0irmina@ultreia-libri.pl<\/p>\n<p style=\"text-align: center;\">Nasz\u0105 misj\u0105 i dzia\u0142aniem obejmujemy warto\u015bciowe<\/p>\n<p style=\"text-align: center;\">i zapomniane stuletnie dzie\u0142a o bogatej<\/p>\n<p style=\"text-align: center;\">i wyrafinowanej artystycznie tre\u015bci.<\/p>\n<p style=\"text-align: center;\">Chc\u0105c uratowa\u0107 przed zapomnieniem to co warto\u015bciowe<\/p>\n<p style=\"text-align: center;\">i o du\u017cych \u0142adunkach edukacyjno-estetycznych mo\u017cemy \u015bmia\u0142o poleci\u0107 jako warto\u015bciowe prezenty na wszelkie<\/p>\n<p style=\"text-align: center;\">okazje i okoliczno\u015bci .<\/p>\n<p style=\"text-align: center;\">Dzi\u015b kiedy odchodzi si\u0119 od czytania ka\u017cde m\u0105dre<\/p>\n<p style=\"text-align: center;\">i warto\u015bciowe dzie\u0142o jest czym\u015b co mo\u017ce obudzi\u0107 w nas poczucie pi\u0119kna , ch\u0119\u0107 obrony tego co m\u0105dre i kszta\u0142tuj\u0105ce nasze postawy i wyobra\u017ani\u0119 .<\/p>\n<p style=\"text-align: center;\">Zapraszamy do \u015bwiata starych ksi\u0105g \u201ez dusz\u0105\u201d \u017cycz\u0105c niesamowitych dozna\u0144.<\/p>\n","protected":false},"excerpt":{"rendered":"<p>Irmina Rozbicka Ultreia Libri Oficyna Wydawnicza ul.Zamieniecka 53a lok.1 04-158 Warszawa \u00a0tel. +48 728 839 847 \u00a0irmina@ultreia-libri.pl Nasz\u0105 misj\u0105 i dzia\u0142aniem obejmujemy warto\u015bciowe i zapomniane stuletnie dzie\u0142a o bogatej i wyrafinowanej artystycznie tre\u015bci. Chc\u0105c uratowa\u0107 przed zapomnieniem to co warto\u015bciowe i o du\u017cych \u0142adunkach edukacyjno-estetycznych mo\u017cemy \u015bmia\u0142o poleci\u0107 jako warto\u015bciowe prezenty na wszelkie okazje i&#8230;<\/p>\n","protected":false},"author":1,"featured_media":0,"parent":0,"menu_order":0,"comment_status":"closed","ping_status":"closed","template":"","meta":{"footnotes":""},"_links":{"self":[{"href":"https:\/\/ultreia-libri.pl\/index.php?rest_route=\/wp\/v2\/pages\/15"}],"collection":[{"href":"https:\/\/ultreia-libri.pl\/index.php?rest_route=\/wp\/v2\/pages"}],"about":[{"href":"https:\/\/ultreia-libri.pl\/index.php?rest_route=\/wp\/v2\/types\/page"}],"author":[{"embeddable":true,"href":"https:\/\/ultreia-libri.pl\/index.php?rest_route=\/wp\/v2\/users\/1"}],"replies":[{"embeddable":true,"href":"https:\/\/ultreia-libri.pl\/index.php?rest_route=%2Fwp%2Fv2%2Fcomments&post=15"}],"version-history":[{"count":10,"href":"https:\/\/ultreia-libri.pl\/index.php?rest_route=\/wp\/v2\/pages\/15\/revisions"}],"predecessor-version":[{"id":158,"href":"https:\/\/ultreia-libri.pl\/index.php?rest_route=\/wp\/v2\/pages\/15\/revisions\/158"}],"wp:attachment":[{"href":"https:\/\/ultreia-libri.pl\/index.php?rest_route=%2Fwp%2Fv2%2Fmedia&parent=15"}],"curies":[{"name":"wp","href":"https:\/\/api.w.org\/{rel}","templated":true}]}}